{"id":609,"date":"2022-10-19T19:19:20","date_gmt":"2022-10-19T19:19:20","guid":{"rendered":"http:\/\/www.ankardi.com.mx\/nextmedproto\/?page_id=609"},"modified":"2022-10-19T21:55:47","modified_gmt":"2022-10-19T21:55:47","slug":"productos","status":"publish","type":"page","link":"http:\/\/www.ankardi.com.mx\/nextmedproto\/productos\/","title":{"rendered":""},"content":{"rendered":"\n<div class=\"wp-container-1 is-nowrap wp-block-group\"><\/div>\n\n\n\n<p class=\"has-text-align-center\" style=\"font-size:41px\"><strong>Cat\u00e1logo de Batas Quir\u00fargicas<\/strong><\/p>\n\n\n\n<p><\/p>\n\n\n\n<p class=\"has-text-align-center\"><div class=\"_df_book df-lite\" id=\"df_610\"  data-title=\"catalogo-batas\" _slug=\"catalogo-batas\" wpoptions=\"true\" thumbtype=\"bg\" ><p class=\"df-raw-loading\">Please wait while flipbook is loading. For more related info, FAQs and issues please refer to <a href=\"https:\/\/wordpress.org\/plugins\/3d-flipbook-dflip-lite\/#installation\">DearFlip WordPress Flipbook Plugin Help<\/a> documentation.<\/p><\/div><script class=\"df-shortcode-script\" type=\"application\/javascript\">window.option_df_610 = {\"webgl\":\"true\",\"outline\":[],\"forceFit\":\"true\",\"autoEnableOutline\":\"false\",\"autoEnableThumbnail\":\"false\",\"overwritePDFOutline\":\"false\",\"enableDownload\":\"false\",\"direction\":\"1\",\"pageSize\":\"2\",\"pageMode\":\"2\",\"singlePageMode\":\"2\",\"maxTextureSize\":\"2048\",\"source\":\"http:\\\/\\\/www.ankardi.com.mx\\\/nextmedproto\\\/\\\/wp-content\\\/uploads\\\/\\\/2022\\\/10\\\/1.-Catalogo-de-Batas-comprimido.pdf\",\"wpOptions\":\"true\"}; if(window.DFLIP && window.DFLIP.parseBooks){window.DFLIP.parseBooks();}<\/script><\/p>\n\n\n\n<div class=\"wp-container-2 is-nowrap wp-block-group\"><\/div>\n\n\n\n<p class=\"has-text-align-center\" style=\"font-size:40px\"><strong>Cat\u00e1logo Novus<\/strong><\/p>\n\n\n\n<p class=\"has-text-align-center\"><div class=\"_df_book df-lite\" id=\"df_661\"  data-title=\"catalogo_novus\" _slug=\"661\" wpoptions=\"true\" thumbtype=\"bg\" ><p class=\"df-raw-loading\">Please wait while flipbook is loading. For more related info, FAQs and issues please refer to <a href=\"https:\/\/wordpress.org\/plugins\/3d-flipbook-dflip-lite\/#installation\">DearFlip WordPress Flipbook Plugin Help<\/a> documentation.<\/p><\/div><script class=\"df-shortcode-script\" type=\"application\/javascript\">window.option_df_661 = {\"webgl\":\"true\",\"outline\":[{\"title\":\"\",\"dest\":\"\"}],\"forceFit\":\"true\",\"autoEnableOutline\":\"false\",\"autoEnableThumbnail\":\"false\",\"overwritePDFOutline\":\"false\",\"enableDownload\":\"false\",\"direction\":\"1\",\"pageSize\":\"0\",\"pageMode\":\"2\",\"singlePageMode\":\"2\",\"source\":\"http:\\\/\\\/www.ankardi.com.mx\\\/nextmedproto\\\/\\\/wp-content\\\/uploads\\\/\\\/2022\\\/10\\\/2.-Catalogo-Novus-comprimido.pdf\",\"wpOptions\":\"true\"}; if(window.DFLIP && window.DFLIP.parseBooks){window.DFLIP.parseBooks();}<\/script><\/p>\n\n\n\n<div class=\"wp-container-3 is-nowrap wp-block-group\"><\/div>\n\n\n\n<p class=\"has-text-align-center\" style=\"font-size:40px\"><strong>Cat\u00e1logo Lexus<\/strong><\/p>\n\n\n\n<p><\/p>\n\n\n\n<p class=\"has-text-align-center\"><div class=\"_df_book df-lite\" id=\"df_667\"  data-title=\"catalogo_lexus\" _slug=\"catalogo_lexus\" wpoptions=\"true\" thumbtype=\"bg\" ><p class=\"df-raw-loading\">Please wait while flipbook is loading. For more related info, FAQs and issues please refer to <a href=\"https:\/\/wordpress.org\/plugins\/3d-flipbook-dflip-lite\/#installation\">DearFlip WordPress Flipbook Plugin Help<\/a> documentation.<\/p><\/div><script class=\"df-shortcode-script\" type=\"application\/javascript\">window.option_df_667 = {\"webgl\":\"true\",\"outline\":[],\"forceFit\":\"true\",\"autoEnableOutline\":\"false\",\"autoEnableThumbnail\":\"false\",\"overwritePDFOutline\":\"false\",\"enableDownload\":\"false\",\"direction\":\"1\",\"pageSize\":\"0\",\"pageMode\":\"2\",\"singlePageMode\":\"2\",\"source\":\"http:\\\/\\\/www.ankardi.com.mx\\\/nextmedproto\\\/\\\/wp-content\\\/uploads\\\/\\\/2022\\\/10\\\/3.-Catalogo-Luxus-comprimido-1.pdf\",\"wpOptions\":\"true\"}; if(window.DFLIP && window.DFLIP.parseBooks){window.DFLIP.parseBooks();}<\/script><\/p>\n\n\n\n<div class=\"wp-container-4 is-nowrap wp-block-group\"><\/div>\n\n\n\n<p class=\"has-text-align-center\" style=\"font-size:40px\"><strong>Cat\u00e1logo Evolus <\/strong><\/p>\n\n\n\n<p><\/p>\n\n\n\n<p class=\"has-text-align-center\"><div class=\"_df_book df-lite\" id=\"df_669\"  data-title=\"catalogo_evolus\" _slug=\"catalogo_evolus\" wpoptions=\"true\" thumbtype=\"bg\" ><p class=\"df-raw-loading\">Please wait while flipbook is loading. For more related info, FAQs and issues please refer to <a href=\"https:\/\/wordpress.org\/plugins\/3d-flipbook-dflip-lite\/#installation\">DearFlip WordPress Flipbook Plugin Help<\/a> documentation.<\/p><\/div><script class=\"df-shortcode-script\" type=\"application\/javascript\">window.option_df_669 = {\"webgl\":\"true\",\"outline\":[],\"forceFit\":\"true\",\"autoEnableOutline\":\"false\",\"autoEnableThumbnail\":\"false\",\"overwritePDFOutline\":\"false\",\"enableDownload\":\"false\",\"direction\":\"1\",\"pageSize\":\"0\",\"pageMode\":\"2\",\"singlePageMode\":\"2\",\"source\":\"http:\\\/\\\/www.ankardi.com.mx\\\/nextmedproto\\\/\\\/wp-content\\\/uploads\\\/\\\/2022\\\/10\\\/4.-Catalogo-Evolus-comprimido.pdf\",\"wpOptions\":\"true\"}; if(window.DFLIP && window.DFLIP.parseBooks){window.DFLIP.parseBooks();}<\/script><\/p>\n\n\n\n<div class=\"wp-container-5 is-nowrap wp-block-group\"><\/div>\n\n\n\n<p style=\"font-size:36px\"><strong>Cat\u00e1logo de <strong>de Kits de Enfermer\u00eda<\/strong><\/strong><\/p>\n\n\n\n<p><\/p>\n\n\n\n<p class=\"has-text-align-center\"><div class=\"_df_book df-lite\" id=\"df_673\"  data-title=\"catalogo_kit_enfermeria\" _slug=\"catalogo_kit_enfermeria\" wpoptions=\"true\" thumbtype=\"bg\" ><p class=\"df-raw-loading\">Please wait while flipbook is loading. For more related info, FAQs and issues please refer to <a href=\"https:\/\/wordpress.org\/plugins\/3d-flipbook-dflip-lite\/#installation\">DearFlip WordPress Flipbook Plugin Help<\/a> documentation.<\/p><\/div><script class=\"df-shortcode-script\" type=\"application\/javascript\">window.option_df_673 = {\"webgl\":\"true\",\"outline\":[],\"forceFit\":\"true\",\"autoEnableOutline\":\"false\",\"autoEnableThumbnail\":\"false\",\"overwritePDFOutline\":\"false\",\"enableDownload\":\"false\",\"direction\":\"1\",\"pageSize\":\"0\",\"source\":\"http:\\\/\\\/www.ankardi.com.mx\\\/nextmedproto\\\/\\\/wp-content\\\/uploads\\\/\\\/2022\\\/10\\\/5.-Catalogo-Kits-de-Enfermeria-comprimido.pdf\",\"wpOptions\":\"true\"}; if(window.DFLIP && window.DFLIP.parseBooks){window.DFLIP.parseBooks();}<\/script><\/p>\n\n\n\n<div class=\"wp-container-6 is-nowrap wp-block-group\"><\/div>\n\n\n\n<p style=\"font-size:40px\"><strong>Cat\u00e1logo de Cuadro B\u00e1sico<\/strong><\/p>\n\n\n\n<p><\/p>\n\n\n\n<p class=\"has-text-align-center\"><div class=\"_df_book df-lite\" id=\"df_677\"  data-title=\"cuadro_basico\" _slug=\"cuadro_basico\" wpoptions=\"true\" thumbtype=\"bg\" ><p class=\"df-raw-loading\">Please wait while flipbook is loading. For more related info, FAQs and issues please refer to <a href=\"https:\/\/wordpress.org\/plugins\/3d-flipbook-dflip-lite\/#installation\">DearFlip WordPress Flipbook Plugin Help<\/a> documentation.<\/p><\/div><script class=\"df-shortcode-script\" type=\"application\/javascript\">window.option_df_677 = {\"webgl\":\"true\",\"outline\":[],\"forceFit\":\"true\",\"autoEnableOutline\":\"false\",\"autoEnableThumbnail\":\"false\",\"overwritePDFOutline\":\"false\",\"enableDownload\":\"false\",\"direction\":\"1\",\"pageSize\":\"0\",\"pageMode\":\"2\",\"singlePageMode\":\"2\",\"source\":\"http:\\\/\\\/www.ankardi.com.mx\\\/nextmedproto\\\/\\\/wp-content\\\/uploads\\\/\\\/2022\\\/10\\\/6.-Cuadro-basico-comprimido.pdf\",\"wpOptions\":\"true\"}; if(window.DFLIP && window.DFLIP.parseBooks){window.DFLIP.parseBooks();}<\/script><\/p>\n","protected":false},"excerpt":{"rendered":"<p>Cat\u00e1logo de Batas Quir\u00fargicas Cat\u00e1logo Novus Cat\u00e1logo Lexus Cat\u00e1logo Evolus Cat\u00e1logo de de Kits de Enfermer\u00eda Cat\u00e1logo de Cuadro B\u00e1sico<\/p>\n","protected":false},"author":1,"featured_media":0,"parent":0,"menu_order":0,"comment_status":"closed","ping_status":"closed","template":"","meta":{"hide_page_title":"disabled","_coblocks_attr":"","_coblocks_dimensions":"","_coblocks_responsive_height":"","_coblocks_accordion_ie_support":""},"yoast_head":"<!-- This site is optimized with the Yoast SEO plugin v19.8 - https:\/\/yoast.com\/wordpress\/plugins\/seo\/ -->\n<title>- NEXTMED<\/title>\n<meta name=\"robots\" content=\"index, follow, max-snippet:-1, max-image-preview:large, max-video-preview:-1\" \/>\n<link rel=\"canonical\" href=\"http:\/\/www.ankardi.com.mx\/nextmedproto\/productos\/\" \/>\n<meta property=\"og:locale\" content=\"es_ES\" \/>\n<meta property=\"og:type\" content=\"article\" \/>\n<meta property=\"og:title\" content=\"- NEXTMED\" \/>\n<meta property=\"og:description\" content=\"Cat\u00e1logo de Batas Quir\u00fargicas Cat\u00e1logo Novus Cat\u00e1logo Lexus Cat\u00e1logo Evolus Cat\u00e1logo de de Kits de Enfermer\u00eda Cat\u00e1logo de Cuadro B\u00e1sico\" \/>\n<meta property=\"og:url\" content=\"http:\/\/www.ankardi.com.mx\/nextmedproto\/productos\/\" \/>\n<meta property=\"og:site_name\" content=\"NEXTMED\" \/>\n<meta property=\"article:modified_time\" content=\"2022-10-19T21:55:47+00:00\" \/>\n<meta name=\"twitter:card\" content=\"summary_large_image\" \/>\n<meta name=\"twitter:label1\" content=\"Tiempo de lectura\" \/>\n\t<meta name=\"twitter:data1\" content=\"1 minuto\" \/>\n<script type=\"application\/ld+json\" class=\"yoast-schema-graph\">{\"@context\":\"https:\/\/schema.org\",\"@graph\":[{\"@type\":\"WebPage\",\"@id\":\"http:\/\/www.ankardi.com.mx\/nextmedproto\/productos\/\",\"url\":\"http:\/\/www.ankardi.com.mx\/nextmedproto\/productos\/\",\"name\":\"- NEXTMED\",\"isPartOf\":{\"@id\":\"http:\/\/www.ankardi.com.mx\/nextmedproto\/#website\"},\"datePublished\":\"2022-10-19T19:19:20+00:00\",\"dateModified\":\"2022-10-19T21:55:47+00:00\",\"inLanguage\":\"es\",\"potentialAction\":[{\"@type\":\"ReadAction\",\"target\":[\"http:\/\/www.ankardi.com.mx\/nextmedproto\/productos\/\"]}]},{\"@type\":\"WebSite\",\"@id\":\"http:\/\/www.ankardi.com.mx\/nextmedproto\/#website\",\"url\":\"http:\/\/www.ankardi.com.mx\/nextmedproto\/\",\"name\":\"NEXTMED\",\"description\":\"Advanced Medical Devices\",\"publisher\":{\"@id\":\"http:\/\/www.ankardi.com.mx\/nextmedproto\/#organization\"},\"potentialAction\":[{\"@type\":\"SearchAction\",\"target\":{\"@type\":\"EntryPoint\",\"urlTemplate\":\"http:\/\/www.ankardi.com.mx\/nextmedproto\/?s={search_term_string}\"},\"query-input\":\"required name=search_term_string\"}],\"inLanguage\":\"es\"},{\"@type\":\"Organization\",\"@id\":\"http:\/\/www.ankardi.com.mx\/nextmedproto\/#organization\",\"name\":\"NEXTMED\",\"url\":\"http:\/\/www.ankardi.com.mx\/nextmedproto\/\",\"sameAs\":[],\"logo\":{\"@type\":\"ImageObject\",\"inLanguage\":\"es\",\"@id\":\"http:\/\/www.ankardi.com.mx\/nextmedproto\/#\/schema\/logo\/image\/\",\"url\":\"http:\/\/www.ankardi.com.mx\/nextmedproto\/\/wp-content\/uploads\/\/2022\/07\/cropped-Nextmed-2-scaled-1.gif\",\"contentUrl\":\"http:\/\/www.ankardi.com.mx\/nextmedproto\/\/wp-content\/uploads\/\/2022\/07\/cropped-Nextmed-2-scaled-1.gif\",\"width\":2560,\"height\":648,\"caption\":\"NEXTMED\"},\"image\":{\"@id\":\"http:\/\/www.ankardi.com.mx\/nextmedproto\/#\/schema\/logo\/image\/\"}}]}<\/script>\n<!-- \/ Yoast SEO plugin. -->","yoast_head_json":{"title":"- NEXTMED","robots":{"index":"index","follow":"follow","max-snippet":"max-snippet:-1","max-image-preview":"max-image-preview:large","max-video-preview":"max-video-preview:-1"},"canonical":"http:\/\/www.ankardi.com.mx\/nextmedproto\/productos\/","og_locale":"es_ES","og_type":"article","og_title":"- NEXTMED","og_description":"Cat\u00e1logo de Batas Quir\u00fargicas Cat\u00e1logo Novus Cat\u00e1logo Lexus Cat\u00e1logo Evolus Cat\u00e1logo de de Kits de Enfermer\u00eda Cat\u00e1logo de Cuadro B\u00e1sico","og_url":"http:\/\/www.ankardi.com.mx\/nextmedproto\/productos\/","og_site_name":"NEXTMED","article_modified_time":"2022-10-19T21:55:47+00:00","twitter_card":"summary_large_image","twitter_misc":{"Tiempo de lectura":"1 minuto"},"schema":{"@context":"https:\/\/schema.org","@graph":[{"@type":"WebPage","@id":"http:\/\/www.ankardi.com.mx\/nextmedproto\/productos\/","url":"http:\/\/www.ankardi.com.mx\/nextmedproto\/productos\/","name":"- NEXTMED","isPartOf":{"@id":"http:\/\/www.ankardi.com.mx\/nextmedproto\/#website"},"datePublished":"2022-10-19T19:19:20+00:00","dateModified":"2022-10-19T21:55:47+00:00","inLanguage":"es","potentialAction":[{"@type":"ReadAction","target":["http:\/\/www.ankardi.com.mx\/nextmedproto\/productos\/"]}]},{"@type":"WebSite","@id":"http:\/\/www.ankardi.com.mx\/nextmedproto\/#website","url":"http:\/\/www.ankardi.com.mx\/nextmedproto\/","name":"NEXTMED","description":"Advanced Medical Devices","publisher":{"@id":"http:\/\/www.ankardi.com.mx\/nextmedproto\/#organization"},"potentialAction":[{"@type":"SearchAction","target":{"@type":"EntryPoint","urlTemplate":"http:\/\/www.ankardi.com.mx\/nextmedproto\/?s={search_term_string}"},"query-input":"required name=search_term_string"}],"inLanguage":"es"},{"@type":"Organization","@id":"http:\/\/www.ankardi.com.mx\/nextmedproto\/#organization","name":"NEXTMED","url":"http:\/\/www.ankardi.com.mx\/nextmedproto\/","sameAs":[],"logo":{"@type":"ImageObject","inLanguage":"es","@id":"http:\/\/www.ankardi.com.mx\/nextmedproto\/#\/schema\/logo\/image\/","url":"http:\/\/www.ankardi.com.mx\/nextmedproto\/\/wp-content\/uploads\/\/2022\/07\/cropped-Nextmed-2-scaled-1.gif","contentUrl":"http:\/\/www.ankardi.com.mx\/nextmedproto\/\/wp-content\/uploads\/\/2022\/07\/cropped-Nextmed-2-scaled-1.gif","width":2560,"height":648,"caption":"NEXTMED"},"image":{"@id":"http:\/\/www.ankardi.com.mx\/nextmedproto\/#\/schema\/logo\/image\/"}}]}},"_links":{"self":[{"href":"http:\/\/www.ankardi.com.mx\/nextmedproto\/wp-json\/wp\/v2\/pages\/609"}],"collection":[{"href":"http:\/\/www.ankardi.com.mx\/nextmedproto\/wp-json\/wp\/v2\/pages"}],"about":[{"href":"http:\/\/www.ankardi.com.mx\/nextmedproto\/wp-json\/wp\/v2\/types\/page"}],"author":[{"embeddable":true,"href":"http:\/\/www.ankardi.com.mx\/nextmedproto\/wp-json\/wp\/v2\/users\/1"}],"replies":[{"embeddable":true,"href":"http:\/\/www.ankardi.com.mx\/nextmedproto\/wp-json\/wp\/v2\/comments?post=609"}],"version-history":[{"count":8,"href":"http:\/\/www.ankardi.com.mx\/nextmedproto\/wp-json\/wp\/v2\/pages\/609\/revisions"}],"predecessor-version":[{"id":682,"href":"http:\/\/www.ankardi.com.mx\/nextmedproto\/wp-json\/wp\/v2\/pages\/609\/revisions\/682"}],"wp:attachment":[{"href":"http:\/\/www.ankardi.com.mx\/nextmedproto\/wp-json\/wp\/v2\/media?parent=609"}],"curies":[{"name":"wp","href":"https:\/\/api.w.org\/{rel}","templated":true}]}}